{"id":252,"date":"2022-08-09T07:05:45","date_gmt":"2022-08-09T07:05:45","guid":{"rendered":"https:\/\/themes.getmotopress.com\/touriny\/?page_id=252"},"modified":"2024-02-27T12:41:18","modified_gmt":"2024-02-27T12:41:18","slug":"for-individuals","status":"publish","type":"page","link":"https:\/\/irmatours.eu\/sl\/for-individuals\/","title":{"rendered":"Za posameznike"},"content":{"rendered":"<div class=\"wp-block-getwid-section alignfull alignfull\"><div class=\"wp-block-getwid-section__wrapper\"><div class=\"wp-block-getwid-section__inner-wrapper\"><div class=\"wp-block-getwid-section__background-holder\"><div class=\"wp-block-getwid-section__background\"><\/div><div class=\"wp-block-getwid-section__foreground\"><\/div><\/div><div class=\"wp-block-getwid-section__content\"><div class=\"wp-block-getwid-section__inner-content\"><div class=\"mpa-shortcode mpa-services-list-shortcode\"><div class=\"mpa-posts-wrapper mpa-posts-loop mpa-grid mpa-grid-columns-1\"><div class=\"mpa-grid-column post-85 mpa_service type-mpa_service status-publish has-post-thumbnail mpa_service_category-za-posameznike\">\n\t<div class=\"mpa-loop-post-wrapper\">\n\t\t<div class=\"loop-service-content\">\n\t\t\t\n\t\t\t<p class=\"post-thumbnail mpa-loop-post-thumbnail\">\n\t<a href=\"https:\/\/irmatours.eu\/sl\/service\/most-na-soci-tour\/\">\n\t\t<img loading=\"lazy\" decoding=\"async\" width=\"760\" height=\"570\" src=\"https:\/\/irmatours.eu\/wp-content\/uploads\/2022\/07\/IMG_20230510_101235_658-760x570.jpg\" class=\"attachment-post-thumbnail size-post-thumbnail wp-post-image\" alt=\"\" srcset=\"https:\/\/irmatours.eu\/wp-content\/uploads\/2022\/07\/IMG_20230510_101235_658-760x570.jpg 760w, https:\/\/irmatours.eu\/wp-content\/uploads\/2022\/07\/IMG_20230510_101235_658-300x225.jpg 300w, https:\/\/irmatours.eu\/wp-content\/uploads\/2022\/07\/IMG_20230510_101235_658-1024x768.jpg 1024w, https:\/\/irmatours.eu\/wp-content\/uploads\/2022\/07\/IMG_20230510_101235_658-768x576.jpg 768w, https:\/\/irmatours.eu\/wp-content\/uploads\/2022\/07\/IMG_20230510_101235_658-1536x1152.jpg 1536w, https:\/\/irmatours.eu\/wp-content\/uploads\/2022\/07\/IMG_20230510_101235_658-2048x1536.jpg 2048w, https:\/\/irmatours.eu\/wp-content\/uploads\/2022\/07\/IMG_20230510_101235_658-16x12.jpg 16w, https:\/\/irmatours.eu\/wp-content\/uploads\/2022\/07\/IMG_20230510_101235_658-1160x870.jpg 1160w, https:\/\/irmatours.eu\/wp-content\/uploads\/2022\/07\/IMG_20230510_101235_658-1920x1440.jpg 1920w\" sizes=\"auto, (max-width: 760px) 100vw, 760px\" \/>\t<\/a>\n<\/p>\n\t\t\t<div class=\"loop-service-info\">\n\t\t\t\t<h2 class=\"entry-title mpa-post-title\">\n\t<a href=\"https:\/\/irmatours.eu\/sl\/service\/most-na-soci-tour\/\">\n\t\tMost na So\u010di \u2013 \u017eeleznodobno mesto ob umetnem jezeru (1-3 osebe)\t<\/a>\n<\/h2>\n\n\t\t\t\t\n\t\t\t\t<div class=\"entry-excerpt\">\n\t<p>Sprehodimo se ob spokojnem umetnem jezeru in se pogovorimo o sijaju \u017eeleznodobnega mesta in drugih sledovih, ki jih je tu pustil \u010das.<\/p>\n<\/div>\n\n\t\t\t\t\n<ul class=\"mpa-attributes mpa-service-attributes\">\n\t\t\t<li class=\"mpa-attribute-duration\">\n\t\t\t\t\t\t\t<span class=\"mpa-attribute-title mpa-duration-title\">\n\t\t\t\t\tDuration:\t\t\t\t<\/span>\n\t\t\t\n\t\t\t<span class=\"mpa-attribute-value\">\n\t\t\t\t\t\t\t\t\t1h 30m\t\t\t\t\t\t\t<\/span>\n\t\t<\/li>\n\t\t\t<li class=\"mpa-attribute-capacity\">\n\t\t\t\t\t\t\t<span class=\"mpa-attribute-title mpa-capacity-title\">\n\t\t\t\t\tCapacity:\t\t\t\t<\/span>\n\t\t\t\n\t\t\t<span class=\"mpa-attribute-value\">\n\t\t\t\t\t\t\t\t\t1 &#8211; 3\t\t\t\t\t\t\t<\/span>\n\t\t<\/li>\n\t<\/ul>\n\t\t\t<\/div>\n\t\t<\/div>\n\t\t<div class=\"divider\">\n\t\t\t<div class=\"half-circle left\"><\/div>\n\t\t\t<div class=\"dots\"><\/div>\n\t\t\t<div class=\"half-circle right\"><\/div>\n\t\t<\/div>\n\t\t<div class=\"loop-service-footer\">\n\n\t\t\t<p class=\"mpa-service-price mpa-regular-price\">\n\t<span class=\"mpa-price-title\">Price:<\/span>\n\t<span class=\"mpa-price\">40&nbsp;<span class=\"mpa-currency\">&euro;<\/span><\/span><\/p>\n\n\t\t\t\t\t\t<button class=\"button book-now\">Rezerviraj termin<\/button>\n\t\t\t\t\t\t<a href=\"https:\/\/irmatours.eu\/sl\/service\/most-na-soci-tour\/\" class=\"button outlined view-tour\">View tour<\/a>\n\t\t<\/div>\n\t<\/div>\n<\/div>\n\n<div class=\"mpa-grid-column post-86 mpa_service type-mpa_service status-publish has-post-thumbnail mpa_service_category-za-posameznike\">\n\t<div class=\"mpa-loop-post-wrapper\">\n\t\t<div class=\"loop-service-content\">\n\t\t\t\n\t\t\t<p class=\"post-thumbnail mpa-loop-post-thumbnail\">\n\t<a href=\"https:\/\/irmatours.eu\/sl\/service\/nova-gorica-tour\/\">\n\t\t<img loading=\"lazy\" decoding=\"async\" width=\"760\" height=\"570\" src=\"https:\/\/irmatours.eu\/wp-content\/uploads\/2022\/07\/IMG_20221014_092218-760x570.jpg\" class=\"attachment-post-thumbnail size-post-thumbnail wp-post-image\" alt=\"\" srcset=\"https:\/\/irmatours.eu\/wp-content\/uploads\/2022\/07\/IMG_20221014_092218-760x570.jpg 760w, https:\/\/irmatours.eu\/wp-content\/uploads\/2022\/07\/IMG_20221014_092218-300x225.jpg 300w, https:\/\/irmatours.eu\/wp-content\/uploads\/2022\/07\/IMG_20221014_092218-1024x768.jpg 1024w, https:\/\/irmatours.eu\/wp-content\/uploads\/2022\/07\/IMG_20221014_092218-768x576.jpg 768w, https:\/\/irmatours.eu\/wp-content\/uploads\/2022\/07\/IMG_20221014_092218-1536x1152.jpg 1536w, https:\/\/irmatours.eu\/wp-content\/uploads\/2022\/07\/IMG_20221014_092218-2048x1536.jpg 2048w, https:\/\/irmatours.eu\/wp-content\/uploads\/2022\/07\/IMG_20221014_092218-16x12.jpg 16w, https:\/\/irmatours.eu\/wp-content\/uploads\/2022\/07\/IMG_20221014_092218-1160x870.jpg 1160w, https:\/\/irmatours.eu\/wp-content\/uploads\/2022\/07\/IMG_20221014_092218-1920x1440.jpg 1920w\" sizes=\"auto, (max-width: 760px) 100vw, 760px\" \/>\t<\/a>\n<\/p>\n\t\t\t<div class=\"loop-service-info\">\n\t\t\t\t<h2 class=\"entry-title mpa-post-title\">\n\t<a href=\"https:\/\/irmatours.eu\/sl\/service\/nova-gorica-tour\/\">\n\t\tNova Gorica \u2013 vzpon mladega mesta (1 \u2013 3 osebe)\t<\/a>\n<\/h2>\n\n\t\t\t\t\n\t\t\t\t<div class=\"entry-excerpt\">\n\t<p>Potovanje najmlaj\u0161ega slovenskega mesta od razlogov za njegov nastanek do \u017eivahne metropole, ki jo imamo danes.<\/p>\n<\/div>\n\n\t\t\t\t\n<ul class=\"mpa-attributes mpa-service-attributes\">\n\t\t\t<li class=\"mpa-attribute-duration\">\n\t\t\t\t\t\t\t<span class=\"mpa-attribute-title mpa-duration-title\">\n\t\t\t\t\tDuration:\t\t\t\t<\/span>\n\t\t\t\n\t\t\t<span class=\"mpa-attribute-value\">\n\t\t\t\t\t\t\t\t\t1h 30m\t\t\t\t\t\t\t<\/span>\n\t\t<\/li>\n\t\t\t<li class=\"mpa-attribute-capacity\">\n\t\t\t\t\t\t\t<span class=\"mpa-attribute-title mpa-capacity-title\">\n\t\t\t\t\tCapacity:\t\t\t\t<\/span>\n\t\t\t\n\t\t\t<span class=\"mpa-attribute-value\">\n\t\t\t\t\t\t\t\t\t1 &#8211; 3\t\t\t\t\t\t\t<\/span>\n\t\t<\/li>\n\t<\/ul>\n\t\t\t<\/div>\n\t\t<\/div>\n\t\t<div class=\"divider\">\n\t\t\t<div class=\"half-circle left\"><\/div>\n\t\t\t<div class=\"dots\"><\/div>\n\t\t\t<div class=\"half-circle right\"><\/div>\n\t\t<\/div>\n\t\t<div class=\"loop-service-footer\">\n\n\t\t\t<p class=\"mpa-service-price mpa-regular-price\">\n\t<span class=\"mpa-price-title\">Price:<\/span>\n\t<span class=\"mpa-price\">40&nbsp;<span class=\"mpa-currency\">&euro;<\/span><\/span><\/p>\n\n\t\t\t\t\t\t<button class=\"button book-now\">Rezerviraj termin<\/button>\n\t\t\t\t\t\t<a href=\"https:\/\/irmatours.eu\/sl\/service\/nova-gorica-tour\/\" class=\"button outlined view-tour\">View tour<\/a>\n\t\t<\/div>\n\t<\/div>\n<\/div>\n\n<div class=\"mpa-grid-column post-89 mpa_service type-mpa_service status-publish has-post-thumbnail mpa_service_category-za-posameznike\">\n\t<div class=\"mpa-loop-post-wrapper\">\n\t\t<div class=\"loop-service-content\">\n\t\t\t\n\t\t\t<p class=\"post-thumbnail mpa-loop-post-thumbnail\">\n\t<a href=\"https:\/\/irmatours.eu\/sl\/service\/ajdovscina-tour-2\/\">\n\t\t<img loading=\"lazy\" decoding=\"async\" width=\"760\" height=\"570\" src=\"https:\/\/irmatours.eu\/wp-content\/uploads\/2022\/08\/IMG_20230305_174054-760x570.jpg\" class=\"attachment-post-thumbnail size-post-thumbnail wp-post-image\" alt=\"\" srcset=\"https:\/\/irmatours.eu\/wp-content\/uploads\/2022\/08\/IMG_20230305_174054-760x570.jpg 760w, https:\/\/irmatours.eu\/wp-content\/uploads\/2022\/08\/IMG_20230305_174054-300x225.jpg 300w, https:\/\/irmatours.eu\/wp-content\/uploads\/2022\/08\/IMG_20230305_174054-1024x768.jpg 1024w, https:\/\/irmatours.eu\/wp-content\/uploads\/2022\/08\/IMG_20230305_174054-768x576.jpg 768w, https:\/\/irmatours.eu\/wp-content\/uploads\/2022\/08\/IMG_20230305_174054-1536x1152.jpg 1536w, https:\/\/irmatours.eu\/wp-content\/uploads\/2022\/08\/IMG_20230305_174054-2048x1536.jpg 2048w, https:\/\/irmatours.eu\/wp-content\/uploads\/2022\/08\/IMG_20230305_174054-16x12.jpg 16w, https:\/\/irmatours.eu\/wp-content\/uploads\/2022\/08\/IMG_20230305_174054-1160x870.jpg 1160w, https:\/\/irmatours.eu\/wp-content\/uploads\/2022\/08\/IMG_20230305_174054-1920x1440.jpg 1920w\" sizes=\"auto, (max-width: 760px) 100vw, 760px\" \/>\t<\/a>\n<\/p>\n\t\t\t<div class=\"loop-service-info\">\n\t\t\t\t<h2 class=\"entry-title mpa-post-title\">\n\t<a href=\"https:\/\/irmatours.eu\/sl\/service\/ajdovscina-tour-2\/\">\n\t\tAjdov\u0161\u010dina \u2013 od rimske utrdbe do industrijskega giganta (4 \u2013 10 oseb)\t<\/a>\n<\/h2>\n\n\t\t\t\t\n\t\t\t\t<div class=\"entry-excerpt\">\n\t<p>Preplet mogo\u010dne poznorimske utrdbe, vzpona regionalnega industrijskega velikana in preko preizku\u0161enj so\u0161ke fronte do pomena za Slovenijo danes.<\/p>\n<\/div>\n\n\t\t\t\t\n<ul class=\"mpa-attributes mpa-service-attributes\">\n\t\t\t<li class=\"mpa-attribute-duration\">\n\t\t\t\t\t\t\t<span class=\"mpa-attribute-title mpa-duration-title\">\n\t\t\t\t\tDuration:\t\t\t\t<\/span>\n\t\t\t\n\t\t\t<span class=\"mpa-attribute-value\">\n\t\t\t\t\t\t\t\t\t1h 30m\t\t\t\t\t\t\t<\/span>\n\t\t<\/li>\n\t\t\t<li class=\"mpa-attribute-capacity\">\n\t\t\t\t\t\t\t<span class=\"mpa-attribute-title mpa-capacity-title\">\n\t\t\t\t\tCapacity:\t\t\t\t<\/span>\n\t\t\t\n\t\t\t<span class=\"mpa-attribute-value\">\n\t\t\t\t\t\t\t\t\t4 &#8211; 10\t\t\t\t\t\t\t<\/span>\n\t\t<\/li>\n\t<\/ul>\n\t\t\t<\/div>\n\t\t<\/div>\n\t\t<div class=\"divider\">\n\t\t\t<div class=\"half-circle left\"><\/div>\n\t\t\t<div class=\"dots\"><\/div>\n\t\t\t<div class=\"half-circle right\"><\/div>\n\t\t<\/div>\n\t\t<div class=\"loop-service-footer\">\n\n\t\t\t<p class=\"mpa-service-price mpa-regular-price\">\n\t<span class=\"mpa-price-title\">Price:<\/span>\n\t<span class=\"mpa-price\">60&nbsp;<span class=\"mpa-currency\">&euro;<\/span><\/span><\/p>\n\n\t\t\t\t\t\t<button class=\"button book-now\">Rezerviraj termin<\/button>\n\t\t\t\t\t\t<a href=\"https:\/\/irmatours.eu\/sl\/service\/ajdovscina-tour-2\/\" class=\"button outlined view-tour\">View tour<\/a>\n\t\t<\/div>\n\t<\/div>\n<\/div>\n\n<div class=\"mpa-grid-column post-90 mpa_service type-mpa_service status-publish has-post-thumbnail mpa_service_category-za-posameznike\">\n\t<div class=\"mpa-loop-post-wrapper\">\n\t\t<div class=\"loop-service-content\">\n\t\t\t\n\t\t\t<p class=\"post-thumbnail mpa-loop-post-thumbnail\">\n\t<a href=\"https:\/\/irmatours.eu\/sl\/service\/vila-vipolze-tour-3\/\">\n\t\t<img loading=\"lazy\" decoding=\"async\" width=\"760\" height=\"570\" src=\"https:\/\/irmatours.eu\/wp-content\/uploads\/2022\/08\/IMG_20230603_143628_355-760x570.jpg\" class=\"attachment-post-thumbnail size-post-thumbnail wp-post-image\" alt=\"\" srcset=\"https:\/\/irmatours.eu\/wp-content\/uploads\/2022\/08\/IMG_20230603_143628_355-760x570.jpg 760w, https:\/\/irmatours.eu\/wp-content\/uploads\/2022\/08\/IMG_20230603_143628_355-300x225.jpg 300w, https:\/\/irmatours.eu\/wp-content\/uploads\/2022\/08\/IMG_20230603_143628_355-1024x768.jpg 1024w, https:\/\/irmatours.eu\/wp-content\/uploads\/2022\/08\/IMG_20230603_143628_355-768x576.jpg 768w, https:\/\/irmatours.eu\/wp-content\/uploads\/2022\/08\/IMG_20230603_143628_355-1536x1152.jpg 1536w, https:\/\/irmatours.eu\/wp-content\/uploads\/2022\/08\/IMG_20230603_143628_355-2048x1536.jpg 2048w, https:\/\/irmatours.eu\/wp-content\/uploads\/2022\/08\/IMG_20230603_143628_355-16x12.jpg 16w, https:\/\/irmatours.eu\/wp-content\/uploads\/2022\/08\/IMG_20230603_143628_355-1160x870.jpg 1160w, https:\/\/irmatours.eu\/wp-content\/uploads\/2022\/08\/IMG_20230603_143628_355-1920x1440.jpg 1920w\" sizes=\"auto, (max-width: 760px) 100vw, 760px\" \/>\t<\/a>\n<\/p>\n\t\t\t<div class=\"loop-service-info\">\n\t\t\t\t<h2 class=\"entry-title mpa-post-title\">\n\t<a href=\"https:\/\/irmatours.eu\/sl\/service\/vila-vipolze-tour-3\/\">\n\t\tVila Vipol\u017ee \u2013 najlep\u0161a renesan\u010dna vila v Sloveniji (1 \u2013 3 osebe)\t<\/a>\n<\/h2>\n\n\t\t\t\t\n\t\t\t\t<div class=\"entry-excerpt\">\n\t<p>Sprehodite se po burni preteklosti tega renesan\u010dnega dragulja. Od vite\u0161ke trdnjave do razko\u0161ne vile grofov Thurn in \u017ealostne zanemarjenosti zadnjih 200 let do obnovitve njenega sijaja v zadnjih letih.<\/p>\n<\/div>\n\n\t\t\t\t\n<ul class=\"mpa-attributes mpa-service-attributes\">\n\t\t\t<li class=\"mpa-attribute-duration\">\n\t\t\t\t\t\t\t<span class=\"mpa-attribute-title mpa-duration-title\">\n\t\t\t\t\tDuration:\t\t\t\t<\/span>\n\t\t\t\n\t\t\t<span class=\"mpa-attribute-value\">\n\t\t\t\t\t\t\t\t\t1h\t\t\t\t\t\t\t<\/span>\n\t\t<\/li>\n\t\t\t<li class=\"mpa-attribute-capacity\">\n\t\t\t\t\t\t\t<span class=\"mpa-attribute-title mpa-capacity-title\">\n\t\t\t\t\tCapacity:\t\t\t\t<\/span>\n\t\t\t\n\t\t\t<span class=\"mpa-attribute-value\">\n\t\t\t\t\t\t\t\t\t1 &#8211; 3\t\t\t\t\t\t\t<\/span>\n\t\t<\/li>\n\t<\/ul>\n\t\t\t<\/div>\n\t\t<\/div>\n\t\t<div class=\"divider\">\n\t\t\t<div class=\"half-circle left\"><\/div>\n\t\t\t<div class=\"dots\"><\/div>\n\t\t\t<div class=\"half-circle right\"><\/div>\n\t\t<\/div>\n\t\t<div class=\"loop-service-footer\">\n\n\t\t\t<p class=\"mpa-service-price mpa-regular-price\">\n\t<span class=\"mpa-price-title\">Price:<\/span>\n\t<span class=\"mpa-price\">30&nbsp;<span class=\"mpa-currency\">&euro;<\/span><\/span><\/p>\n\n\t\t\t\t\t\t<button class=\"button book-now\">Rezerviraj termin<\/button>\n\t\t\t\t\t\t<a href=\"https:\/\/irmatours.eu\/sl\/service\/vila-vipolze-tour-3\/\" class=\"button outlined view-tour\">View tour<\/a>\n\t\t<\/div>\n\t<\/div>\n<\/div>\n\n<div class=\"mpa-grid-column post-91 mpa_service type-mpa_service status-publish has-post-thumbnail mpa_service_category-za-posameznike\">\n\t<div class=\"mpa-loop-post-wrapper\">\n\t\t<div class=\"loop-service-content\">\n\t\t\t\n\t\t\t<p class=\"post-thumbnail mpa-loop-post-thumbnail\">\n\t<a href=\"https:\/\/irmatours.eu\/sl\/service\/gonjace-smartno-tour\/\">\n\t\t<img loading=\"lazy\" decoding=\"async\" width=\"760\" height=\"428\" src=\"https:\/\/irmatours.eu\/wp-content\/uploads\/2022\/08\/Gonjace-in-Smartno-760x428.png\" class=\"attachment-post-thumbnail size-post-thumbnail wp-post-image\" alt=\"\" srcset=\"https:\/\/irmatours.eu\/wp-content\/uploads\/2022\/08\/Gonjace-in-Smartno-760x428.png 760w, https:\/\/irmatours.eu\/wp-content\/uploads\/2022\/08\/Gonjace-in-Smartno-300x169.png 300w, https:\/\/irmatours.eu\/wp-content\/uploads\/2022\/08\/Gonjace-in-Smartno-1024x577.png 1024w, https:\/\/irmatours.eu\/wp-content\/uploads\/2022\/08\/Gonjace-in-Smartno-768x433.png 768w, https:\/\/irmatours.eu\/wp-content\/uploads\/2022\/08\/Gonjace-in-Smartno-1536x865.png 1536w, https:\/\/irmatours.eu\/wp-content\/uploads\/2022\/08\/Gonjace-in-Smartno-18x10.png 18w, https:\/\/irmatours.eu\/wp-content\/uploads\/2022\/08\/Gonjace-in-Smartno-1160x654.png 1160w, https:\/\/irmatours.eu\/wp-content\/uploads\/2022\/08\/Gonjace-in-Smartno.png 1640w\" sizes=\"auto, (max-width: 760px) 100vw, 760px\" \/>\t<\/a>\n<\/p>\n\t\t\t<div class=\"loop-service-info\">\n\t\t\t\t<h2 class=\"entry-title mpa-post-title\">\n\t<a href=\"https:\/\/irmatours.eu\/sl\/service\/gonjace-smartno-tour\/\">\n\t\tGonja\u010de in \u0160martno - \u010dudoviti razgledi in zgodovinska vasica\t<\/a>\n<\/h2>\n\n\t\t\t\t\n\t\t\t\t<div class=\"entry-excerpt\">\n\t<p>Ob\u010dudujte dih jemajo\u010d razgled od Jadranskega morja do Julijskih Alp, potem pa se sprehodite po utrjeni vasici \u0160martno in vdihnite njeno bogato zgodovino in \u017eivahne ulice.<\/p>\n<\/div>\n\n\t\t\t\t\n<ul class=\"mpa-attributes mpa-service-attributes\">\n\t\t\t<li class=\"mpa-attribute-duration\">\n\t\t\t\t\t\t\t<span class=\"mpa-attribute-title mpa-duration-title\">\n\t\t\t\t\tDuration:\t\t\t\t<\/span>\n\t\t\t\n\t\t\t<span class=\"mpa-attribute-value\">\n\t\t\t\t\t\t\t\t\t2h 30m\t\t\t\t\t\t\t<\/span>\n\t\t<\/li>\n\t\t\t<li class=\"mpa-attribute-capacity\">\n\t\t\t\t\t\t\t<span class=\"mpa-attribute-title mpa-capacity-title\">\n\t\t\t\t\tCapacity:\t\t\t\t<\/span>\n\t\t\t\n\t\t\t<span class=\"mpa-attribute-value\">\n\t\t\t\t\t\t\t\t\t1 &#8211; 4\t\t\t\t\t\t\t<\/span>\n\t\t<\/li>\n\t<\/ul>\n\t\t\t<\/div>\n\t\t<\/div>\n\t\t<div class=\"divider\">\n\t\t\t<div class=\"half-circle left\"><\/div>\n\t\t\t<div class=\"dots\"><\/div>\n\t\t\t<div class=\"half-circle right\"><\/div>\n\t\t<\/div>\n\t\t<div class=\"loop-service-footer\">\n\n\t\t\t<p class=\"mpa-service-price mpa-regular-price\">\n\t<span class=\"mpa-price-title\">Price:<\/span>\n\t<span class=\"mpa-price\">50&nbsp;<span class=\"mpa-currency\">&euro;<\/span><\/span><\/p>\n\n\t\t\t\t\t\t<button class=\"button book-now\">Rezerviraj termin<\/button>\n\t\t\t\t\t\t<a href=\"https:\/\/irmatours.eu\/sl\/service\/gonjace-smartno-tour\/\" class=\"button outlined view-tour\">View tour<\/a>\n\t\t<\/div>\n\t<\/div>\n<\/div>\n\n<div class=\"mpa-grid-column post-94 mpa_service type-mpa_service status-publish has-post-thumbnail mpa_service_category-za-posameznike\">\n\t<div class=\"mpa-loop-post-wrapper\">\n\t\t<div class=\"loop-service-content\">\n\t\t\t\n\t\t\t<p class=\"post-thumbnail mpa-loop-post-thumbnail\">\n\t<a href=\"https:\/\/irmatours.eu\/sl\/service\/smartno-tour\/\">\n\t\t<img loading=\"lazy\" decoding=\"async\" width=\"760\" height=\"456\" src=\"https:\/\/irmatours.eu\/wp-content\/uploads\/2022\/08\/Smartno-tura-760x456.jpg\" class=\"attachment-post-thumbnail size-post-thumbnail wp-post-image\" alt=\"\" srcset=\"https:\/\/irmatours.eu\/wp-content\/uploads\/2022\/08\/Smartno-tura-760x456.jpg 760w, https:\/\/irmatours.eu\/wp-content\/uploads\/2022\/08\/Smartno-tura-300x180.jpg 300w, https:\/\/irmatours.eu\/wp-content\/uploads\/2022\/08\/Smartno-tura-1024x615.jpg 1024w, https:\/\/irmatours.eu\/wp-content\/uploads\/2022\/08\/Smartno-tura-768x461.jpg 768w, https:\/\/irmatours.eu\/wp-content\/uploads\/2022\/08\/Smartno-tura-18x12.jpg 18w, https:\/\/irmatours.eu\/wp-content\/uploads\/2022\/08\/Smartno-tura-1160x696.jpg 1160w, https:\/\/irmatours.eu\/wp-content\/uploads\/2022\/08\/Smartno-tura.jpg 1293w\" sizes=\"auto, (max-width: 760px) 100vw, 760px\" \/>\t<\/a>\n<\/p>\n\t\t\t<div class=\"loop-service-info\">\n\t\t\t\t<h2 class=\"entry-title mpa-post-title\">\n\t<a href=\"https:\/\/irmatours.eu\/sl\/service\/smartno-tour\/\">\n\t\t\u0160martno \u2013 od mogo\u010dne utrdbe do idili\u010dne vasice (1 \u2013 3 osebe)\t<\/a>\n<\/h2>\n\n\t\t\t\t\n\t\t\t\t<div class=\"entry-excerpt\">\n\t<p>Sprehod skozi stoletja od rimske in avstro-ogrske utrdbe do dana\u0161nje \u017eivahne idili\u010dne vasice.<\/p>\n<\/div>\n\n\t\t\t\t\n<ul class=\"mpa-attributes mpa-service-attributes\">\n\t\t\t<li class=\"mpa-attribute-duration\">\n\t\t\t\t\t\t\t<span class=\"mpa-attribute-title mpa-duration-title\">\n\t\t\t\t\tDuration:\t\t\t\t<\/span>\n\t\t\t\n\t\t\t<span class=\"mpa-attribute-value\">\n\t\t\t\t\t\t\t\t\t1h 30m\t\t\t\t\t\t\t<\/span>\n\t\t<\/li>\n\t\t\t<li class=\"mpa-attribute-capacity\">\n\t\t\t\t\t\t\t<span class=\"mpa-attribute-title mpa-capacity-title\">\n\t\t\t\t\tCapacity:\t\t\t\t<\/span>\n\t\t\t\n\t\t\t<span class=\"mpa-attribute-value\">\n\t\t\t\t\t\t\t\t\t1 &#8211; 3\t\t\t\t\t\t\t<\/span>\n\t\t<\/li>\n\t<\/ul>\n\t\t\t<\/div>\n\t\t<\/div>\n\t\t<div class=\"divider\">\n\t\t\t<div class=\"half-circle left\"><\/div>\n\t\t\t<div class=\"dots\"><\/div>\n\t\t\t<div class=\"half-circle right\"><\/div>\n\t\t<\/div>\n\t\t<div class=\"loop-service-footer\">\n\n\t\t\t<p class=\"mpa-service-price mpa-regular-price\">\n\t<span class=\"mpa-price-title\">Price:<\/span>\n\t<span class=\"mpa-price\">35&nbsp;<span class=\"mpa-currency\">&euro;<\/span><\/span><\/p>\n\n\t\t\t\t\t\t<button class=\"button book-now\">Rezerviraj termin<\/button>\n\t\t\t\t\t\t<a href=\"https:\/\/irmatours.eu\/sl\/service\/smartno-tour\/\" class=\"button outlined view-tour\">View tour<\/a>\n\t\t<\/div>\n\t<\/div>\n<\/div>\n\n<\/div><nav class=\"navigation pagination mpa-pagination\" role=\"navigation\">\n\t<div class=\"nav-links\"><span aria-current=\"page\" class=\"page-numbers current\"><span class=\"screen-reader-text\">Page <\/span>1<\/span>\n<a class=\"page-numbers\" href=\"https:\/\/irmatours.eu\/sl\/wp-json\/wp\/v2\/pages\/252\/page\/2\/\"><span class=\"screen-reader-text\">Page <\/span>2<\/a>\n<span class=\"page-numbers dots\">&hellip;<\/span>\n<a class=\"page-numbers\" href=\"https:\/\/irmatours.eu\/sl\/wp-json\/wp\/v2\/pages\/252\/page\/6\/\"><span class=\"screen-reader-text\">Page <\/span>6<\/a>\n<a class=\"next page-numbers\" href=\"https:\/\/irmatours.eu\/sl\/wp-json\/wp\/v2\/pages\/252\/page\/2\/\"><span class=\"nav-icon\"><svg width=\"29\" height=\"23\" viewbox=\"0 0 29 23\" fill=\"none\" xmlns=\"http:\/\/www.w3.org\/2000\/svg\">\n\t\t\t\t<path d=\"M13.1191 0.25H11.6466C11.6466 4.66754 15.3279 8.49607 20.6289 10.5576H0.75V12.0301H20.4817C15.1806 14.0916 11.4993 17.9202 11.4993 22.3377H12.9719C12.9719 16.5949 20.0399 12.0301 28.875 12.0301V10.5576C20.1872 10.5576 13.1191 5.9928 13.1191 0.25Z\"\/>\n\t\t\t\t<\/svg><\/span><span class=\"screen-reader-text\">Next<\/span><\/a><\/div>\n<\/nav>\n<\/div><\/div><\/div><\/div><\/div><\/div>","protected":false},"excerpt":{"rendered":"","protected":false},"author":1,"featured_media":0,"parent":0,"menu_order":0,"comment_status":"closed","ping_status":"closed","template":"","meta":{"inline_featured_image":false,"_monsterinsights_skip_tracking":false,"_monsterinsights_sitenote_active":false,"_monsterinsights_sitenote_note":"","_monsterinsights_sitenote_category":0,"footnotes":""},"class_list":["post-252","page","type-page","status-publish","hentry"],"aioseo_notices":[],"_links":{"self":[{"href":"https:\/\/irmatours.eu\/sl\/wp-json\/wp\/v2\/pages\/252","targetHints":{"allow":["GET"]}}],"collection":[{"href":"https:\/\/irmatours.eu\/sl\/wp-json\/wp\/v2\/pages"}],"about":[{"href":"https:\/\/irmatours.eu\/sl\/wp-json\/wp\/v2\/types\/page"}],"author":[{"embeddable":true,"href":"https:\/\/irmatours.eu\/sl\/wp-json\/wp\/v2\/users\/1"}],"replies":[{"embeddable":true,"href":"https:\/\/irmatours.eu\/sl\/wp-json\/wp\/v2\/comments?post=252"}],"version-history":[{"count":4,"href":"https:\/\/irmatours.eu\/sl\/wp-json\/wp\/v2\/pages\/252\/revisions"}],"predecessor-version":[{"id":3835,"href":"https:\/\/irmatours.eu\/sl\/wp-json\/wp\/v2\/pages\/252\/revisions\/3835"}],"wp:attachment":[{"href":"https:\/\/irmatours.eu\/sl\/wp-json\/wp\/v2\/media?parent=252"}],"curies":[{"name":"wp","href":"https:\/\/api.w.org\/{rel}","templated":true}]}}